{"id":231,"date":"2019-03-06T13:44:34","date_gmt":"2019-03-06T10:44:34","guid":{"rendered":"http:\/\/dujanah.com\/fr\/?page_id=16"},"modified":"2025-11-09T20:42:18","modified_gmt":"2025-11-09T17:42:18","slug":"qui-sommes-nous","status":"publish","type":"page","link":"https:\/\/rachad.org\/fr\/?page_id=231","title":{"rendered":"Qui sommes nous"},"content":{"rendered":"\n<p>Rachad, qui fait r\u00e9f\u00e9rence \u00e0 \u00ab al-Houkm ar-Rachid \u00bb, signifiant \u00ab bonne gouvernance \u00bb en arabe, est un mouvement alg\u00e9rien cr\u00e9\u00e9 en 2007 dans le but de mettre fin au r\u00e8gne de l\u2019autoritarisme et de la corruption, et de redonner espoir au peuple alg\u00e9rien qui souhaite instaurer un syst\u00e8me politique r\u00e9publicain r\u00e9gi par la bonne gouvernance, et \u00e9difier un \u00c9tat civil \u00ab souverain, d\u00e9mocratique et social dans le cadre des principes islamiques \u00bb, comme stipul\u00e9 par la Proclamation du Premier Novembre 1954.<\/p>\n\n\n\n<p>Rachad bannit toute forme d\u2019extr\u00e9misme, rejette toutes les pratiques d&#8217;exclusion et de discrimination, et pr\u00f4ne la non-violence comme moyen de changement.<\/p>\n\n\n\n<p>Rachad est un espace ouvert \u00e0 tous les Alg\u00e9riens, dans le respect de leurs diff\u00e9rences. Convaincu qu\u2019aucune force politique ne pourra \u00e0 elle seule op\u00e9rer le changement attendu par les Alg\u00e9riens, Rachad encourage toute initiative visant \u00e0 jeter des ponts entre les acteurs politiques et \u00e0 \u00e9tablir des relations de confiance entre eux.<\/p>\n\n\n\n<figure class=\"wp-block-embed is-type-video is-provider-youtube wp-block-embed-youtube wp-embed-aspect-16-9 wp-has-aspect-ratio\"><div class=\"wp-block-embed__wrapper\">\n<iframe loading=\"lazy\" title=\"Lancement du Mouvement Rachad   Londres 2007\" width=\"810\" height=\"456\" src=\"https:\/\/www.youtube.com\/embed\/RA_uB2Oyc28?feature=oembed\" frameborder=\"0\" allow=\"accelerometer; autoplay; clipboard-write; encrypted-media; gyroscope; picture-in-picture; web-share\" referrerpolicy=\"strict-origin-when-cross-origin\" allowfullscreen><\/iframe>\n<\/div><\/figure>\n\n\n\n<p>Rachad n\u2019est pas un parti politique ; il ne pr\u00e9sente donc pas de programme politique, mais propose une plateforme de valeurs et principes qu\u2019il estime constituer un socle partag\u00e9 par les Alg\u00e9riens. Rachad \u0153uvre pour que l\u2019autorit\u00e9 politique qui gouvernera l\u2019Alg\u00e9rie demain soit attach\u00e9e \u00e0 l\u2019Etat de droit, l\u00e9gitime, souveraine, civile, \u00e9quitable, sociale, pr\u00e9voyante, participative, efficace, transparente et redevable.<\/p>\n\n\n\n<figure class=\"wp-block-embed is-type-video is-provider-youtube wp-block-embed-youtube wp-embed-aspect-16-9 wp-has-aspect-ratio\"><div class=\"wp-block-embed__wrapper\">\n<iframe loading=\"lazy\" title=\"Lancement du Mouvement Rachad   Londres Al Jazeera 18 avril 2007\" width=\"810\" height=\"456\" src=\"https:\/\/www.youtube.com\/embed\/6eAYnl7Pk1M?feature=oembed\" frameborder=\"0\" allow=\"accelerometer; autoplay; clipboard-write; encrypted-media; gyroscope; picture-in-picture; web-share\" referrerpolicy=\"strict-origin-when-cross-origin\" allowfullscreen><\/iframe>\n<\/div><\/figure>\n","protected":false},"excerpt":{"rendered":"<p>Rachad, qui fait r\u00e9f\u00e9rence \u00e0 \u00ab al-Houkm ar-Rachid \u00bb, signifiant \u00ab bonne gouvernance \u00bb en arabe, est un mouvement alg\u00e9rien cr\u00e9\u00e9 en 2007 dans le but de mettre fin au r\u00e8gne de l\u2019autoritarisme et de la corruption, et de redonner espoir au peuple alg\u00e9rien qui souhaite instaurer un syst\u00e8me politique r\u00e9publicain r\u00e9gi par la bonne [&hellip;]<\/p>\n","protected":false},"author":1,"featured_media":0,"parent":0,"menu_order":0,"comment_status":"closed","ping_status":"closed","template":"","meta":{"footnotes":""},"class_list":["post-231","page","type-page","status-publish","hentry"],"_links":{"self":[{"href":"https:\/\/rachad.org\/fr\/index.php?rest_route=\/wp\/v2\/pages\/231","targetHints":{"allow":["GET"]}}],"collection":[{"href":"https:\/\/rachad.org\/fr\/index.php?rest_route=\/wp\/v2\/pages"}],"about":[{"href":"https:\/\/rachad.org\/fr\/index.php?rest_route=\/wp\/v2\/types\/page"}],"author":[{"embeddable":true,"href":"https:\/\/rachad.org\/fr\/index.php?rest_route=\/wp\/v2\/users\/1"}],"replies":[{"embeddable":true,"href":"https:\/\/rachad.org\/fr\/index.php?rest_route=%2Fwp%2Fv2%2Fcomments&post=231"}],"version-history":[{"count":3,"href":"https:\/\/rachad.org\/fr\/index.php?rest_route=\/wp\/v2\/pages\/231\/revisions"}],"predecessor-version":[{"id":2043,"href":"https:\/\/rachad.org\/fr\/index.php?rest_route=\/wp\/v2\/pages\/231\/revisions\/2043"}],"wp:attachment":[{"href":"https:\/\/rachad.org\/fr\/index.php?rest_route=%2Fwp%2Fv2%2Fmedia&parent=231"}],"curies":[{"name":"wp","href":"https:\/\/api.w.org\/{rel}","templated":true}]}}